{"id":2916,"date":"2025-04-08T12:17:15","date_gmt":"2025-04-08T15:17:15","guid":{"rendered":"https:\/\/kairosmotores.com\/?page_id=2916"},"modified":"2025-05-06T16:26:08","modified_gmt":"2025-05-06T19:26:08","slug":"noticias","status":"publish","type":"page","link":"https:\/\/kairosmotores.com\/es\/noticias\/","title":{"rendered":"Noticias"},"content":{"rendered":"<div data-elementor-type=\"wp-page\" data-elementor-id=\"2916\" class=\"elementor elementor-2916\" data-elementor-post-type=\"page\">\n\t\t\t\t<div class=\"elementor-element elementor-element-6eca0ad e-flex e-con-boxed e-con e-parent\" data-id=\"6eca0ad\" data-element_type=\"container\" data-e-type=\"container\" data-settings=\"{&quot;background_background&quot;:&quot;classic&quot;}\">\n\t\t\t\t\t<div class=\"e-con-inner\">\n\t\t<div class=\"elementor-element elementor-element-e2bfd5d e-con-full e-flex e-con e-child\" data-id=\"e2bfd5d\" data-element_type=\"container\" data-e-type=\"container\">\n\t\t<div class=\"elementor-element elementor-element-87ed801 e-con-full e-flex e-con e-child\" data-id=\"87ed801\" data-element_type=\"container\" data-e-type=\"container\">\n\t\t\t\t<div class=\"elementor-element elementor-element-859a13c elementor-widget elementor-widget-heading\" data-id=\"859a13c\" data-element_type=\"widget\" data-e-type=\"widget\" data-widget_type=\"heading.default\">\n\t\t\t\t<div class=\"elementor-widget-container\">\n\t\t\t\t\t<h2 class=\"elementor-heading-title elementor-size-default\">Est\u00e9 atento a<\/h2>\t\t\t\t<\/div>\n\t\t\t\t<\/div>\n\t\t\t\t<div class=\"elementor-element elementor-element-17634e2 elementor-widget elementor-widget-heading\" data-id=\"17634e2\" data-element_type=\"widget\" data-e-type=\"widget\" data-widget_type=\"heading.default\">\n\t\t\t\t<div class=\"elementor-widget-container\">\n\t\t\t\t\t<h2 class=\"elementor-heading-title elementor-size-default\">Novedades<\/h2>\t\t\t\t<\/div>\n\t\t\t\t<\/div>\n\t\t\t\t<\/div>\n\t\t\t\t<\/div>\n\t\t<div class=\"elementor-element elementor-element-531ef18 e-con-full elementor-hidden-mobile_extra elementor-hidden-mobile e-flex e-con e-child\" data-id=\"531ef18\" data-element_type=\"container\" data-e-type=\"container\">\n\t\t\t\t<\/div>\n\t\t\t\t\t<\/div>\n\t\t\t\t<\/div>\n\t\t<div class=\"elementor-element elementor-element-256edf8 e-flex e-con-boxed e-con e-parent\" data-id=\"256edf8\" data-element_type=\"container\" data-e-type=\"container\">\n\t\t\t\t\t<div class=\"e-con-inner\">\n\t\t<div class=\"elementor-element elementor-element-d74b494 e-con-full e-flex e-con e-child\" data-id=\"d74b494\" data-element_type=\"container\" data-e-type=\"container\">\n\t\t\t\t<div class=\"elementor-element elementor-element-281fb5b elementor-widget-divider--view-line_text elementor-widget-divider--element-align-right elementor-widget elementor-widget-divider\" data-id=\"281fb5b\" data-element_type=\"widget\" data-e-type=\"widget\" data-widget_type=\"divider.default\">\n\t\t\t\t<div class=\"elementor-widget-container\">\n\t\t\t\t\t\t\t<div class=\"elementor-divider\">\n\t\t\t<span class=\"elementor-divider-separator\">\n\t\t\t\t\t\t\t<span class=\"elementor-divider__text elementor-divider__element\">\n\t\t\t\tBlog\t\t\t\t<\/span>\n\t\t\t\t\t\t<\/span>\n\t\t<\/div>\n\t\t\t\t\t\t<\/div>\n\t\t\t\t<\/div>\n\t\t\t\t<\/div>\n\t\t<div class=\"elementor-element elementor-element-fbb0c00 e-con-full e-flex e-con e-child\" data-id=\"fbb0c00\" data-element_type=\"container\" data-e-type=\"container\">\n\t\t\t\t<div class=\"elementor-element elementor-element-409ee4b elementor-widget elementor-widget-heading\" data-id=\"409ee4b\" data-element_type=\"widget\" data-e-type=\"widget\" data-widget_type=\"heading.default\">\n\t\t\t\t<div class=\"elementor-widget-container\">\n\t\t\t\t\t<h2 class=\"elementor-heading-title elementor-size-default\">Tendencias y noticias<\/h2>\t\t\t\t<\/div>\n\t\t\t\t<\/div>\n\t\t\t\t<div class=\"elementor-element elementor-element-27e09a7 elementor-widget elementor-widget-text-editor\" data-id=\"27e09a7\" data-element_type=\"widget\" data-e-type=\"widget\" data-widget_type=\"text-editor.default\">\n\t\t\t\t<div class=\"elementor-widget-container\">\n\t\t\t\t\t\t\t\t\tContenidos sobre mantenimiento del motor, tendencias del sector y consejos pr\u00e1cticos para el d\u00eda a d\u00eda.\t\t\t\t\t\t\t\t<\/div>\n\t\t\t\t<\/div>\n\t\t\t\t<\/div>\n\t\t\t\t\t<\/div>\n\t\t\t\t<\/div>\n\t\t<div class=\"elementor-element elementor-element-16a8df7 blog e-flex e-con-boxed e-con e-parent\" data-id=\"16a8df7\" data-element_type=\"container\" data-e-type=\"container\">\n\t\t\t\t\t<div class=\"e-con-inner\">\n\t\t\t\t<div class=\"elementor-element elementor-element-632b57f elementor-grid-3 elementor-grid-tablet-2 elementor-grid-mobile-1 elementor-posts--thumbnail-top elementor-card-shadow-yes elementor-posts__hover-gradient load-more-align-center elementor-widget elementor-widget-posts\" data-id=\"632b57f\" data-element_type=\"widget\" data-e-type=\"widget\" data-settings=\"{&quot;pagination_type&quot;:&quot;load_more_on_click&quot;,&quot;cards_columns&quot;:&quot;3&quot;,&quot;cards_columns_tablet&quot;:&quot;2&quot;,&quot;cards_columns_mobile&quot;:&quot;1&quot;,&quot;cards_row_gap&quot;:{&quot;unit&quot;:&quot;px&quot;,&quot;size&quot;:35,&quot;sizes&quot;:[]},&quot;cards_row_gap_widescreen&quot;:{&quot;unit&quot;:&quot;px&quot;,&quot;size&quot;:&quot;&quot;,&quot;sizes&quot;:[]},&quot;cards_row_gap_laptop&quot;:{&quot;unit&quot;:&quot;px&quot;,&quot;size&quot;:&quot;&quot;,&quot;sizes&quot;:[]},&quot;cards_row_gap_tablet_extra&quot;:{&quot;unit&quot;:&quot;px&quot;,&quot;size&quot;:&quot;&quot;,&quot;sizes&quot;:[]},&quot;cards_row_gap_tablet&quot;:{&quot;unit&quot;:&quot;px&quot;,&quot;size&quot;:&quot;&quot;,&quot;sizes&quot;:[]},&quot;cards_row_gap_mobile_extra&quot;:{&quot;unit&quot;:&quot;px&quot;,&quot;size&quot;:&quot;&quot;,&quot;sizes&quot;:[]},&quot;cards_row_gap_mobile&quot;:{&quot;unit&quot;:&quot;px&quot;,&quot;size&quot;:&quot;&quot;,&quot;sizes&quot;:[]},&quot;load_more_spinner&quot;:{&quot;value&quot;:&quot;fas fa-spinner&quot;,&quot;library&quot;:&quot;fa-solid&quot;}}\" data-widget_type=\"posts.cards\">\n\t\t\t\t<div class=\"elementor-widget-container\">\n\t\t\t\t\t\t\t<div class=\"elementor-posts-container elementor-posts elementor-posts--skin-cards elementor-grid\">\n\t\t\t\t<article class=\"elementor-post elementor-grid-item post-2951 post type-post status-publish format-standard has-post-thumbnail hentry category-projeto\">\n\t\t\t<div class=\"elementor-post__card\">\n\t\t\t\t<a class=\"elementor-post__thumbnail__link\" href=\"https:\/\/kairosmotores.com\/es\/o-jeitodeserkairos-concretizado-no-desenvolvimento-pessoal-como-o-projeto-escolinha-kairos-transforma-carreiras-e-constroi-nosso-futuro\/\" tabindex=\"-1\" ><div class=\"elementor-post__thumbnail\"><img fetchpriority=\"high\" decoding=\"async\" width=\"1280\" height=\"720\" src=\"https:\/\/kairosmotores.com\/wp-content\/uploads\/2025\/04\/postgem-01.png\" class=\"attachment-full size-full wp-image-4369\" alt=\"\" srcset=\"https:\/\/kairosmotores.com\/wp-content\/uploads\/2025\/04\/postgem-01.png 1280w, https:\/\/kairosmotores.com\/wp-content\/uploads\/2025\/04\/postgem-01-300x169.png 300w, https:\/\/kairosmotores.com\/wp-content\/uploads\/2025\/04\/postgem-01-1024x576.png 1024w, https:\/\/kairosmotores.com\/wp-content\/uploads\/2025\/04\/postgem-01-768x432.png 768w, https:\/\/kairosmotores.com\/wp-content\/uploads\/2025\/04\/postgem-01-18x10.png 18w\" sizes=\"(max-width: 1280px) 100vw, 1280px\" \/><\/div><\/a>\n\t\t\t\t<div class=\"elementor-post__badge\">Proyecto<\/div>\n\t\t\t\t<div class=\"elementor-post__text\">\n\t\t\t\t<h3 class=\"elementor-post__title\">\n\t\t\t<a href=\"https:\/\/kairosmotores.com\/es\/o-jeitodeserkairos-concretizado-no-desenvolvimento-pessoal-como-o-projeto-escolinha-kairos-transforma-carreiras-e-constroi-nosso-futuro\/\" >\n\t\t\t\tEl #jeitodeserKair\u00f3s Concretado en el Desarrollo Personal: \u00bfC\u00f3mo el Proyecto Escolinha Kair\u00f3s transforma carreras y construye nuestro futuro?\t\t\t<\/a>\n\t\t<\/h3>\n\t\t\t\t<div class=\"elementor-post__excerpt\">\n\t\t\t<p>Queridos, hoy quiero compartir algo que llena mi coraz\u00f3n de orgullo: el Proyecto Escolinha Kair\u00f3s. Representa mucho m\u00e1s que un<\/p>\n\t\t<\/div>\n\t\t\n\t\t<a class=\"elementor-post__read-more\" href=\"https:\/\/kairosmotores.com\/es\/o-jeitodeserkairos-concretizado-no-desenvolvimento-pessoal-como-o-projeto-escolinha-kairos-transforma-carreiras-e-constroi-nosso-futuro\/\" aria-label=\"Read more about El #jeitodeserKair\u00f3s concretado en el desarrollo personal: c\u00f3mo el proyecto Escolinha Kair\u00f3s transforma carreras y construye nuestro futuro?\" tabindex=\"-1\" >\n\t\t\tSeguir leyendo\t\t<\/a>\n\n\t\t\t\t<\/div>\n\t\t\t\t<div class=\"elementor-post__meta-data\">\n\t\t\t\t\t<span class=\"elementor-post-date\">\n\t\t\t12\/05\/2025\t\t<\/span>\n\t\t\t\t<\/div>\n\t\t\t\t\t<\/div>\n\t\t<\/article>\n\t\t\t\t<article class=\"elementor-post elementor-grid-item post-2954 post type-post status-publish format-standard has-post-thumbnail hentry category-tendencias\">\n\t\t\t<div class=\"elementor-post__card\">\n\t\t\t\t<a class=\"elementor-post__thumbnail__link\" href=\"https:\/\/kairosmotores.com\/es\/como-a-tecnologia-esta-revolucionando-relacoes-no-ambiente-de-trabalho\/\" tabindex=\"-1\" ><div class=\"elementor-post__thumbnail\"><img decoding=\"async\" width=\"1280\" height=\"720\" src=\"https:\/\/kairosmotores.com\/wp-content\/uploads\/2025\/04\/postgem-02.jpeg\" class=\"attachment-full size-full wp-image-4372\" alt=\"\" srcset=\"https:\/\/kairosmotores.com\/wp-content\/uploads\/2025\/04\/postgem-02.jpeg 1280w, https:\/\/kairosmotores.com\/wp-content\/uploads\/2025\/04\/postgem-02-300x169.jpeg 300w, https:\/\/kairosmotores.com\/wp-content\/uploads\/2025\/04\/postgem-02-1024x576.jpeg 1024w, https:\/\/kairosmotores.com\/wp-content\/uploads\/2025\/04\/postgem-02-768x432.jpeg 768w, https:\/\/kairosmotores.com\/wp-content\/uploads\/2025\/04\/postgem-02-18x10.jpeg 18w\" sizes=\"(max-width: 1280px) 100vw, 1280px\" \/><\/div><\/a>\n\t\t\t\t<div class=\"elementor-post__badge\">Tendencias<\/div>\n\t\t\t\t<div class=\"elementor-post__text\">\n\t\t\t\t<h3 class=\"elementor-post__title\">\n\t\t\t<a href=\"https:\/\/kairosmotores.com\/es\/como-a-tecnologia-esta-revolucionando-relacoes-no-ambiente-de-trabalho\/\" >\n\t\t\t\tC\u00f3mo la tecnolog\u00eda est\u00e1 revolucionando las relaciones en el lugar de trabajo\t\t\t<\/a>\n\t\t<\/h3>\n\t\t\t\t<div class=\"elementor-post__excerpt\">\n\t\t\t<p>Vivimos en una \u00e9poca de grandes avances tecnol\u00f3gicos, lo que nos lleva a reflexionar: \u00bfc\u00f3mo conseguir que estas innovaciones hagan m\u00e1s eficientes los entornos de trabajo?<\/p>\n\t\t<\/div>\n\t\t\n\t\t<a class=\"elementor-post__read-more\" href=\"https:\/\/kairosmotores.com\/es\/como-a-tecnologia-esta-revolucionando-relacoes-no-ambiente-de-trabalho\/\" aria-label=\"Leer m\u00e1s sobre La tecnolog\u00eda revoluciona las relaciones laborales\" tabindex=\"-1\" >\n\t\t\tSeguir leyendo\t\t<\/a>\n\n\t\t\t\t<\/div>\n\t\t\t\t<div class=\"elementor-post__meta-data\">\n\t\t\t\t\t<span class=\"elementor-post-date\">\n\t\t\t12\/05\/2025\t\t<\/span>\n\t\t\t\t<\/div>\n\t\t\t\t\t<\/div>\n\t\t<\/article>\n\t\t\t\t<article class=\"elementor-post elementor-grid-item post-2953 post type-post status-publish format-standard has-post-thumbnail hentry category-noticias\">\n\t\t\t<div class=\"elementor-post__card\">\n\t\t\t\t<a class=\"elementor-post__thumbnail__link\" href=\"https:\/\/kairosmotores.com\/es\/o-jeito-de-ser-kairos-liderando-com-excelencia-inovacao-e-compromisso\/\" tabindex=\"-1\" ><div class=\"elementor-post__thumbnail\"><img decoding=\"async\" width=\"1280\" height=\"720\" src=\"https:\/\/kairosmotores.com\/wp-content\/uploads\/2025\/04\/postgem-03.png\" class=\"attachment-full size-full wp-image-4374\" alt=\"\" srcset=\"https:\/\/kairosmotores.com\/wp-content\/uploads\/2025\/04\/postgem-03.png 1280w, https:\/\/kairosmotores.com\/wp-content\/uploads\/2025\/04\/postgem-03-300x169.png 300w, https:\/\/kairosmotores.com\/wp-content\/uploads\/2025\/04\/postgem-03-1024x576.png 1024w, https:\/\/kairosmotores.com\/wp-content\/uploads\/2025\/04\/postgem-03-768x432.png 768w, https:\/\/kairosmotores.com\/wp-content\/uploads\/2025\/04\/postgem-03-18x10.png 18w\" sizes=\"(max-width: 1280px) 100vw, 1280px\" \/><\/div><\/a>\n\t\t\t\t<div class=\"elementor-post__badge\">Noticias<\/div>\n\t\t\t\t<div class=\"elementor-post__text\">\n\t\t\t\t<h3 class=\"elementor-post__title\">\n\t\t\t<a href=\"https:\/\/kairosmotores.com\/es\/o-jeito-de-ser-kairos-liderando-com-excelencia-inovacao-e-compromisso\/\" >\n\t\t\t\tEl Estilo Kair\u00f3s: Dirigir con Excelencia, Innovaci\u00f3n y Compromiso\t\t\t<\/a>\n\t\t<\/h3>\n\t\t\t\t<div class=\"elementor-post__excerpt\">\n\t\t\t<p>Cuando repaso la historia de Kair\u00f3s Motores, me siento inmensamente orgulloso de todo lo que hemos construido juntos. Desde nuestros inicios en Barcarena, que hab\u00eda sido<\/p>\n\t\t<\/div>\n\t\t\n\t\t<a class=\"elementor-post__read-more\" href=\"https:\/\/kairosmotores.com\/es\/o-jeito-de-ser-kairos-liderando-com-excelencia-inovacao-e-compromisso\/\" aria-label=\"Leer m\u00e1s sobre The Kair\u00f3s Way: Liderar con excelencia, innovaci\u00f3n y compromiso\" tabindex=\"-1\" >\n\t\t\tSeguir leyendo\t\t<\/a>\n\n\t\t\t\t<\/div>\n\t\t\t\t<div class=\"elementor-post__meta-data\">\n\t\t\t\t\t<span class=\"elementor-post-date\">\n\t\t\t12\/05\/2025\t\t<\/span>\n\t\t\t\t<\/div>\n\t\t\t\t\t<\/div>\n\t\t<\/article>\n\t\t\t\t<\/div>\n\t\t\t\t\t<span class=\"e-load-more-spinner\">\n\t\t\t\t<svg aria-hidden=\"true\" class=\"e-font-icon-svg e-fas-spinner\" viewbox=\"0 0 512 512\" xmlns=\"http:\/\/www.w3.org\/2000\/svg\"><path d=\"M304 48c0 26.51-21.49 48-48 48s-48-21.49-48-48 21.49-48 48-48 48 21.49 48 48zm-48 368c-26.51 0-48 21.49-48 48s21.49 48 48 48 48-21.49 48-48-21.49-48-48-48zm208-208c-26.51 0-48 21.49-48 48s21.49 48 48 48 48-21.49 48-48-21.49-48-48-48zM96 256c0-26.51-21.49-48-48-48S0 229.49 0 256s21.49 48 48 48 48-21.49 48-48zm12.922 99.078c-26.51 0-48 21.49-48 48s21.49 48 48 48 48-21.49 48-48c0-26.509-21.491-48-48-48zm294.156 0c-26.51 0-48 21.49-48 48s21.49 48 48 48 48-21.49 48-48c0-26.509-21.49-48-48-48zM108.922 60.922c-26.51 0-48 21.49-48 48s21.49 48 48 48 48-21.49 48-48-21.491-48-48-48z\"><\/path><\/svg>\t\t\t<\/span>\n\t\t\n\t\t\t\t\t\t<\/div>\n\t\t\t\t<\/div>\n\t\t\t\t\t<\/div>\n\t\t\t\t<\/div>\n\t\t\t\t<\/div>","protected":false},"excerpt":{"rendered":"<p>Permanezca atento a las tendencias y contenidos del blog de noticias sobre mantenimiento del motor, tendencias del sector y consejos pr\u00e1cticos para el d\u00eda a d\u00eda.<\/p>","protected":false},"author":1,"featured_media":0,"parent":0,"menu_order":0,"comment_status":"closed","ping_status":"closed","template":"","meta":{"footnotes":""},"class_list":["post-2916","page","type-page","status-publish","hentry"],"_links":{"self":[{"href":"https:\/\/kairosmotores.com\/es\/wp-json\/wp\/v2\/pages\/2916","targetHints":{"allow":["GET"]}}],"collection":[{"href":"https:\/\/kairosmotores.com\/es\/wp-json\/wp\/v2\/pages"}],"about":[{"href":"https:\/\/kairosmotores.com\/es\/wp-json\/wp\/v2\/types\/page"}],"author":[{"embeddable":true,"href":"https:\/\/kairosmotores.com\/es\/wp-json\/wp\/v2\/users\/1"}],"replies":[{"embeddable":true,"href":"https:\/\/kairosmotores.com\/es\/wp-json\/wp\/v2\/comments?post=2916"}],"version-history":[{"count":26,"href":"https:\/\/kairosmotores.com\/es\/wp-json\/wp\/v2\/pages\/2916\/revisions"}],"predecessor-version":[{"id":4272,"href":"https:\/\/kairosmotores.com\/es\/wp-json\/wp\/v2\/pages\/2916\/revisions\/4272"}],"wp:attachment":[{"href":"https:\/\/kairosmotores.com\/es\/wp-json\/wp\/v2\/media?parent=2916"}],"curies":[{"name":"wp","href":"https:\/\/api.w.org\/{rel}","templated":true}]}}