{"id":750,"date":"2025-03-17T15:13:47","date_gmt":"2025-03-17T18:13:47","guid":{"rendered":"https:\/\/kairosmotores.com\/?page_id=750"},"modified":"2025-05-06T16:33:59","modified_gmt":"2025-05-06T19:33:59","slug":"politica-de-privacidade","status":"publish","type":"page","link":"https:\/\/kairosmotores.com\/es\/politica-de-privacidade\/","title":{"rendered":"Pol\u00edtica de privacidad"},"content":{"rendered":"<div data-elementor-type=\"wp-page\" data-elementor-id=\"750\" class=\"elementor elementor-750\" data-elementor-post-type=\"page\">\n\t\t\t\t<div class=\"elementor-element elementor-element-2c234c3 e-flex e-con-boxed e-con e-parent\" data-id=\"2c234c3\" data-element_type=\"container\" data-e-type=\"container\" data-settings=\"{&quot;background_background&quot;:&quot;classic&quot;}\">\n\t\t\t\t\t<div class=\"e-con-inner\">\n\t\t<div class=\"elementor-element elementor-element-bc3880b e-con-full e-flex e-con e-child\" data-id=\"bc3880b\" data-element_type=\"container\" data-e-type=\"container\">\n\t\t<div class=\"elementor-element elementor-element-7c4f79d e-con-full e-flex e-con e-child\" data-id=\"7c4f79d\" data-element_type=\"container\" data-e-type=\"container\">\n\t\t\t\t<div class=\"elementor-element elementor-element-3fa191f elementor-widget elementor-widget-heading\" data-id=\"3fa191f\" data-element_type=\"widget\" data-e-type=\"widget\" data-widget_type=\"heading.default\">\n\t\t\t\t<div class=\"elementor-widget-container\">\n\t\t\t\t\t<h2 class=\"elementor-heading-title elementor-size-default\">Nuestra<\/h2>\t\t\t\t<\/div>\n\t\t\t\t<\/div>\n\t\t\t\t<div class=\"elementor-element elementor-element-a0d339c elementor-widget elementor-widget-heading\" data-id=\"a0d339c\" data-element_type=\"widget\" data-e-type=\"widget\" data-widget_type=\"heading.default\">\n\t\t\t\t<div class=\"elementor-widget-container\">\n\t\t\t\t\t<h2 class=\"elementor-heading-title elementor-size-default\">Privatizaci\u00f3n.<\/h2>\t\t\t\t<\/div>\n\t\t\t\t<\/div>\n\t\t\t\t<\/div>\n\t\t\t\t<\/div>\n\t\t<div class=\"elementor-element elementor-element-965bd21 e-con-full elementor-hidden-mobile e-flex e-con e-child\" data-id=\"965bd21\" data-element_type=\"container\" data-e-type=\"container\">\n\t\t\t\t<\/div>\n\t\t\t\t\t<\/div>\n\t\t\t\t<\/div>\n\t\t<div class=\"elementor-element elementor-element-c310392 e-flex e-con-boxed e-con e-parent\" data-id=\"c310392\" data-element_type=\"container\" data-e-type=\"container\">\n\t\t\t\t\t<div class=\"e-con-inner\">\n\t\t\t\t<div class=\"elementor-element elementor-element-2380ebf elementor-widget elementor-widget-heading\" data-id=\"2380ebf\" data-element_type=\"widget\" data-e-type=\"widget\" data-widget_type=\"heading.default\">\n\t\t\t\t<div class=\"elementor-widget-container\">\n\t\t\t\t\t<h2 class=\"elementor-heading-title elementor-size-default\">1. informaci\u00f3n recogida<\/h2>\t\t\t\t<\/div>\n\t\t\t\t<\/div>\n\t\t\t\t<div class=\"elementor-element elementor-element-630b92f elementor-widget elementor-widget-text-editor\" data-id=\"630b92f\" data-element_type=\"widget\" data-e-type=\"widget\" data-widget_type=\"text-editor.default\">\n\t\t\t\t<div class=\"elementor-widget-container\">\n\t\t\t\t\t\t\t\t\tRecogemos la siguiente informaci\u00f3n cuando usted interact\u00faa con nuestro sitio web o utiliza nuestros servicios:\t\t\t\t\t\t\t\t<\/div>\n\t\t\t\t<\/div>\n\t\t\t\t<div class=\"elementor-element elementor-element-5a2d074 elementor-widget elementor-widget-text-editor\" data-id=\"5a2d074\" data-element_type=\"widget\" data-e-type=\"widget\" data-widget_type=\"text-editor.default\">\n\t\t\t\t<div class=\"elementor-widget-container\">\n\t\t\t\t\t\t\t\t\t<ul>\n \t<li><strong>Informaci\u00f3n personal:<\/strong> Nombre, direcci\u00f3n de correo electr\u00f3nico, direcci\u00f3n, n\u00famero de tel\u00e9fono y otros datos necesarios para la prestaci\u00f3n de nuestros servicios.<\/li>\n \t<li><strong>Informaci\u00f3n de navegaci\u00f3n:<\/strong> Direcci\u00f3n IP, tipo de navegador, p\u00e1ginas visitadas y tiempo de navegaci\u00f3n por nuestro sitio.<\/li>\n \t<li><strong>Galletas:<\/strong> Utilizamos cookies para mejorar su experiencia de navegaci\u00f3n, personalizar el contenido y analizar el uso de nuestro sitio web.<\/li>\n<\/ul>\t\t\t\t\t\t\t\t<\/div>\n\t\t\t\t<\/div>\n\t\t\t\t<div class=\"elementor-element elementor-element-7711fc2 elementor-widget elementor-widget-heading\" data-id=\"7711fc2\" data-element_type=\"widget\" data-e-type=\"widget\" data-widget_type=\"heading.default\">\n\t\t\t\t<div class=\"elementor-widget-container\">\n\t\t\t\t\t<h2 class=\"elementor-heading-title elementor-size-default\">2. C\u00f3mo utilizamos su informaci\u00f3n<\/h2>\t\t\t\t<\/div>\n\t\t\t\t<\/div>\n\t\t\t\t<div class=\"elementor-element elementor-element-ff454a5 elementor-widget elementor-widget-text-editor\" data-id=\"ff454a5\" data-element_type=\"widget\" data-e-type=\"widget\" data-widget_type=\"text-editor.default\">\n\t\t\t\t<div class=\"elementor-widget-container\">\n\t\t\t\t\t\t\t\t\tLa informaci\u00f3n recogida puede utilizarse para\t\t\t\t\t\t\t\t<\/div>\n\t\t\t\t<\/div>\n\t\t\t\t<div class=\"elementor-element elementor-element-1e39e3c elementor-widget elementor-widget-text-editor\" data-id=\"1e39e3c\" data-element_type=\"widget\" data-e-type=\"widget\" data-widget_type=\"text-editor.default\">\n\t\t\t\t<div class=\"elementor-widget-container\">\n\t\t\t\t\t\t\t\t\t<ul>\n \t<li>Proporcionar, mejorar y personalizar nuestros servicios.<\/li>\n \t<li>Procesar pagos y realizar transacciones.<\/li>\n \t<li>Enviar comunicaciones promocionales, si decide recibirlas.<\/li>\n \t<li>Responder a las solicitudes de asistencia y prestar servicio al cliente.<\/li>\n<\/ul>\t\t\t\t\t\t\t\t<\/div>\n\t\t\t\t<\/div>\n\t\t\t\t<div class=\"elementor-element elementor-element-1e9cea9 elementor-widget elementor-widget-heading\" data-id=\"1e9cea9\" data-element_type=\"widget\" data-e-type=\"widget\" data-widget_type=\"heading.default\">\n\t\t\t\t<div class=\"elementor-widget-container\">\n\t\t\t\t\t<h2 class=\"elementor-heading-title elementor-size-default\">3. 3. Intercambio de informaci\u00f3n<\/h2>\t\t\t\t<\/div>\n\t\t\t\t<\/div>\n\t\t\t\t<div class=\"elementor-element elementor-element-9dabf3a elementor-widget elementor-widget-text-editor\" data-id=\"9dabf3a\" data-element_type=\"widget\" data-e-type=\"widget\" data-widget_type=\"text-editor.default\">\n\t\t\t\t<div class=\"elementor-widget-container\">\n\t\t\t\t\t\t\t\t\tNo vendemos ni compartimos su informaci\u00f3n personal con terceros, excepto cuando es necesario para:\t\t\t\t\t\t\t\t<\/div>\n\t\t\t\t<\/div>\n\t\t\t\t<div class=\"elementor-element elementor-element-a410b07 elementor-widget elementor-widget-text-editor\" data-id=\"a410b07\" data-element_type=\"widget\" data-e-type=\"widget\" data-widget_type=\"text-editor.default\">\n\t\t\t\t<div class=\"elementor-widget-container\">\n\t\t\t\t\t\t\t\t\t<li>Cumplimiento de obligaciones legales o reglamentarias.<\/li>\n<li>Para proteger nuestros derechos o propiedades.<\/li>\n<li>Prestaci\u00f3n de servicios externos que ayudan al funcionamiento de nuestro sitio web (como el pago, el env\u00edo de correos electr\u00f3nicos, etc.).<\/li>\t\t\t\t\t\t\t\t<\/div>\n\t\t\t\t<\/div>\n\t\t\t\t<div class=\"elementor-element elementor-element-d8ade87 elementor-widget elementor-widget-heading\" data-id=\"d8ade87\" data-element_type=\"widget\" data-e-type=\"widget\" data-widget_type=\"heading.default\">\n\t\t\t\t<div class=\"elementor-widget-container\">\n\t\t\t\t\t<h2 class=\"elementor-heading-title elementor-size-default\">4. 4. Seguridad de la informaci\u00f3n<\/h2>\t\t\t\t<\/div>\n\t\t\t\t<\/div>\n\t\t\t\t<div class=\"elementor-element elementor-element-026af47 elementor-widget elementor-widget-text-editor\" data-id=\"026af47\" data-element_type=\"widget\" data-e-type=\"widget\" data-widget_type=\"text-editor.default\">\n\t\t\t\t<div class=\"elementor-widget-container\">\n\t\t\t\t\t\t\t\t\tTomamos medidas de seguridad para proteger su informaci\u00f3n personal contra el acceso no autorizado, la alteraci\u00f3n o la divulgaci\u00f3n. Sin embargo, ning\u00fan m\u00e9todo de transmisi\u00f3n por Internet es 100% seguro, y no podemos garantizar una seguridad absoluta.\t\t\t\t\t\t\t\t<\/div>\n\t\t\t\t<\/div>\n\t\t\t\t<div class=\"elementor-element elementor-element-5aece09 elementor-widget elementor-widget-heading\" data-id=\"5aece09\" data-element_type=\"widget\" data-e-type=\"widget\" data-widget_type=\"heading.default\">\n\t\t\t\t<div class=\"elementor-widget-container\">\n\t\t\t\t\t<h2 class=\"elementor-heading-title elementor-size-default\">5. Sus derechos<\/h2>\t\t\t\t<\/div>\n\t\t\t\t<\/div>\n\t\t\t\t<div class=\"elementor-element elementor-element-a41b8ae elementor-widget elementor-widget-text-editor\" data-id=\"a41b8ae\" data-element_type=\"widget\" data-e-type=\"widget\" data-widget_type=\"text-editor.default\">\n\t\t\t\t<div class=\"elementor-widget-container\">\n\t\t\t\t\t\t\t\t\tTienes derecho a:\t\t\t\t\t\t\t\t<\/div>\n\t\t\t\t<\/div>\n\t\t\t\t<div class=\"elementor-element elementor-element-0be696f elementor-widget elementor-widget-text-editor\" data-id=\"0be696f\" data-element_type=\"widget\" data-e-type=\"widget\" data-widget_type=\"text-editor.default\">\n\t\t\t\t<div class=\"elementor-widget-container\">\n\t\t\t\t\t\t\t\t\t<li>Acceder a su informaci\u00f3n personal, rectificarla o eliminarla.<\/li>\n<li>Solicitar que restrinjamos el uso de su informaci\u00f3n.<\/li>\n<li>Optar por no recibir comunicaciones promocionales.<\/li>\t\t\t\t\t\t\t\t<\/div>\n\t\t\t\t<\/div>\n\t\t\t\t<div class=\"elementor-element elementor-element-a2be98c elementor-widget elementor-widget-heading\" data-id=\"a2be98c\" data-element_type=\"widget\" data-e-type=\"widget\" data-widget_type=\"heading.default\">\n\t\t\t\t<div class=\"elementor-widget-container\">\n\t\t\t\t\t<h2 class=\"elementor-heading-title elementor-size-default\">6. Cambios en la pol\u00edtica de privacidad<\/h2>\t\t\t\t<\/div>\n\t\t\t\t<\/div>\n\t\t\t\t<div class=\"elementor-element elementor-element-4641ccd elementor-widget elementor-widget-text-editor\" data-id=\"4641ccd\" data-element_type=\"widget\" data-e-type=\"widget\" data-widget_type=\"text-editor.default\">\n\t\t\t\t<div class=\"elementor-widget-container\">\n\t\t\t\t\t\t\t\t\tPodemos actualizar esta Pol\u00edtica de Privacidad de vez en cuando. Cualquier cambio se publicar\u00e1 en esta p\u00e1gina con la fecha de revisi\u00f3n actualizada.\t\t\t\t\t\t\t\t<\/div>\n\t\t\t\t<\/div>\n\t\t\t\t<div class=\"elementor-element elementor-element-15136ad elementor-widget elementor-widget-heading\" data-id=\"15136ad\" data-element_type=\"widget\" data-e-type=\"widget\" data-widget_type=\"heading.default\">\n\t\t\t\t<div class=\"elementor-widget-container\">\n\t\t\t\t\t<h2 class=\"elementor-heading-title elementor-size-default\">7. Contacto<\/h2>\t\t\t\t<\/div>\n\t\t\t\t<\/div>\n\t\t\t\t<div class=\"elementor-element elementor-element-f36f84a elementor-icon-list--layout-traditional elementor-list-item-link-full_width elementor-widget elementor-widget-icon-list\" data-id=\"f36f84a\" data-element_type=\"widget\" data-e-type=\"widget\" data-widget_type=\"icon-list.default\">\n\t\t\t\t<div class=\"elementor-widget-container\">\n\t\t\t\t\t\t\t<ul class=\"elementor-icon-list-items\">\n\t\t\t\t\t\t\t<li class=\"elementor-icon-list-item\">\n\t\t\t\t\t\t\t\t\t\t\t<span class=\"elementor-icon-list-icon\">\n\t\t\t\t\t\t\t<svg aria-hidden=\"true\" class=\"e-font-icon-svg e-far-envelope\" viewbox=\"0 0 512 512\" xmlns=\"http:\/\/www.w3.org\/2000\/svg\"><path d=\"M464 64H48C21.49 64 0 85.49 0 112v288c0 26.51 21.49 48 48 48h416c26.51 0 48-21.49 48-48V112c0-26.51-21.49-48-48-48zm0 48v40.805c-22.422 18.259-58.168 46.651-134.587 106.49-16.841 13.247-50.201 45.072-73.413 44.701-23.208.375-56.579-31.459-73.413-44.701C106.18 199.465 70.425 171.067 48 152.805V112h416zM48 400V214.398c22.914 18.251 55.409 43.862 104.938 82.646 21.857 17.205 60.134 55.186 103.062 54.955 42.717.231 80.509-37.199 103.053-54.947 49.528-38.783 82.032-64.401 104.947-82.653V400H48z\"><\/path><\/svg>\t\t\t\t\t\t<\/span>\n\t\t\t\t\t\t\t\t\t\t<span class=\"elementor-icon-list-text\"><strong>Correo electr\u00f3nico:<\/strong> contato@nomedosite.com<\/span>\n\t\t\t\t\t\t\t\t\t<\/li>\n\t\t\t\t\t\t\t\t<li class=\"elementor-icon-list-item\">\n\t\t\t\t\t\t\t\t\t\t\t<span class=\"elementor-icon-list-icon\">\n\t\t\t\t\t\t\t<svg aria-hidden=\"true\" class=\"e-font-icon-svg e-fas-phone-alt\" viewbox=\"0 0 512 512\" xmlns=\"http:\/\/www.w3.org\/2000\/svg\"><path d=\"M497.39 361.8l-112-48a24 24 0 0 0-28 6.9l-49.6 60.6A370.66 370.66 0 0 1 130.6 204.11l60.6-49.6a23.94 23.94 0 0 0 6.9-28l-48-112A24.16 24.16 0 0 0 122.6.61l-104 24A24 24 0 0 0 0 48c0 256.5 207.9 464 464 464a24 24 0 0 0 23.4-18.6l24-104a24.29 24.29 0 0 0-14.01-27.6z\"><\/path><\/svg>\t\t\t\t\t\t<\/span>\n\t\t\t\t\t\t\t\t\t\t<span class=\"elementor-icon-list-text\"><strong>Tel\u00e9fono:<\/strong> (98) 9 8402-5396<\/span>\n\t\t\t\t\t\t\t\t\t<\/li>\n\t\t\t\t\t\t<\/ul>\n\t\t\t\t\t\t<\/div>\n\t\t\t\t<\/div>\n\t\t\t\t\t<\/div>\n\t\t\t\t<\/div>\n\t\t\t\t<\/div>","protected":false},"excerpt":{"rendered":"<p>Nossa pol\u00edtica de Privaciade. 1. Informa\u00e7\u00f5es Coletadas Coletamos as seguintes informa\u00e7\u00f5es quando voc\u00ea interage com nosso site ou utiliza nossos servi\u00e7os: Informa\u00e7\u00f5es Pessoais: Nome, e-mail, endere\u00e7o, telefone e outras informa\u00e7\u00f5es necess\u00e1rias para o fornecimento de nossos servi\u00e7os. Informa\u00e7\u00f5es de Navega\u00e7\u00e3o: Endere\u00e7o IP, tipo de navegador, p\u00e1ginas visitadas e tempo de navega\u00e7\u00e3o em nosso site. Cookies: [&hellip;]<\/p>\n","protected":false},"author":1,"featured_media":0,"parent":0,"menu_order":0,"comment_status":"closed","ping_status":"closed","template":"","meta":{"footnotes":""},"class_list":["post-750","page","type-page","status-publish","hentry"],"_links":{"self":[{"href":"https:\/\/kairosmotores.com\/es\/wp-json\/wp\/v2\/pages\/750","targetHints":{"allow":["GET"]}}],"collection":[{"href":"https:\/\/kairosmotores.com\/es\/wp-json\/wp\/v2\/pages"}],"about":[{"href":"https:\/\/kairosmotores.com\/es\/wp-json\/wp\/v2\/types\/page"}],"author":[{"embeddable":true,"href":"https:\/\/kairosmotores.com\/es\/wp-json\/wp\/v2\/users\/1"}],"replies":[{"embeddable":true,"href":"https:\/\/kairosmotores.com\/es\/wp-json\/wp\/v2\/comments?post=750"}],"version-history":[{"count":22,"href":"https:\/\/kairosmotores.com\/es\/wp-json\/wp\/v2\/pages\/750\/revisions"}],"predecessor-version":[{"id":4289,"href":"https:\/\/kairosmotores.com\/es\/wp-json\/wp\/v2\/pages\/750\/revisions\/4289"}],"wp:attachment":[{"href":"https:\/\/kairosmotores.com\/es\/wp-json\/wp\/v2\/media?parent=750"}],"curies":[{"name":"wp","href":"https:\/\/api.w.org\/{rel}","templated":true}]}}