{"id":22,"date":"2025-03-10T17:06:55","date_gmt":"2025-03-10T20:06:55","guid":{"rendered":"https:\/\/kairosmotores.com\/?page_id=22"},"modified":"2025-05-12T15:05:14","modified_gmt":"2025-05-12T18:05:14","slug":"nossa-equipe","status":"publish","type":"page","link":"https:\/\/kairosmotores.com\/pt-pt\/nossa-equipe\/","title":{"rendered":"A nossa equipa"},"content":{"rendered":"<div data-elementor-type=\"wp-page\" data-elementor-id=\"22\" class=\"elementor elementor-22\" data-elementor-post-type=\"page\">\n\t\t\t\t<div class=\"elementor-element elementor-element-8388825 e-flex e-con-boxed e-con e-parent\" data-id=\"8388825\" data-element_type=\"container\" data-e-type=\"container\" data-settings=\"{&quot;background_background&quot;:&quot;classic&quot;}\">\n\t\t\t\t\t<div class=\"e-con-inner\">\n\t\t<div class=\"elementor-element elementor-element-ce8a867 e-con-full e-flex e-con e-child\" data-id=\"ce8a867\" data-element_type=\"container\" data-e-type=\"container\">\n\t\t<div class=\"elementor-element elementor-element-f853036 e-con-full e-flex e-con e-child\" data-id=\"f853036\" data-element_type=\"container\" data-e-type=\"container\">\n\t\t\t\t<div class=\"elementor-element elementor-element-7f01e0e elementor-widget elementor-widget-heading\" data-id=\"7f01e0e\" data-element_type=\"widget\" data-e-type=\"widget\" data-widget_type=\"heading.default\">\n\t\t\t\t<div class=\"elementor-widget-container\">\n\t\t\t\t\t<h2 class=\"elementor-heading-title elementor-size-default\">A nossa equipa<\/h2>\t\t\t\t<\/div>\n\t\t\t\t<\/div>\n\t\t\t\t<div class=\"elementor-element elementor-element-6fcd1b1 elementor-widget elementor-widget-heading\" data-id=\"6fcd1b1\" data-element_type=\"widget\" data-e-type=\"widget\" data-widget_type=\"heading.default\">\n\t\t\t\t<div class=\"elementor-widget-container\">\n\t\t\t\t\t<h2 class=\"elementor-heading-title elementor-size-default\">Orgulho de ser Kair\u00f3s<\/h2>\t\t\t\t<\/div>\n\t\t\t\t<\/div>\n\t\t\t\t<\/div>\n\t\t\t\t<\/div>\n\t\t<div class=\"elementor-element elementor-element-b685d58 e-con-full elementor-hidden-mobile_extra elementor-hidden-mobile e-flex e-con e-child\" data-id=\"b685d58\" data-element_type=\"container\" data-e-type=\"container\">\n\t\t\t\t<\/div>\n\t\t\t\t\t<\/div>\n\t\t\t\t<\/div>\n\t\t<div class=\"elementor-element elementor-element-db22125 e-flex e-con-boxed e-con e-parent\" data-id=\"db22125\" data-element_type=\"container\" data-e-type=\"container\">\n\t\t\t\t\t<div class=\"e-con-inner\">\n\t\t<div class=\"elementor-element elementor-element-7424b30 e-con-full e-flex e-con e-child\" data-id=\"7424b30\" data-element_type=\"container\" data-e-type=\"container\">\n\t\t<div class=\"elementor-element elementor-element-f02f9ec e-grid e-con-full e-con e-child\" data-id=\"f02f9ec\" data-element_type=\"container\" data-e-type=\"container\">\n\t\t\t\t<div class=\"elementor-element elementor-element-5d638e0 elementor-widget elementor-widget-image\" data-id=\"5d638e0\" data-element_type=\"widget\" data-e-type=\"widget\" data-widget_type=\"image.default\">\n\t\t\t\t<div class=\"elementor-widget-container\">\n\t\t\t\t\t\t\t\t\t\t\t\t\t\t\t<img fetchpriority=\"high\" decoding=\"async\" width=\"280\" height=\"474\" src=\"https:\/\/kairosmotores.com\/wp-content\/uploads\/2025\/05\/foto-nossa-equipe.png\" class=\"attachment-full size-full wp-image-4137\" alt=\"\" srcset=\"https:\/\/kairosmotores.com\/wp-content\/uploads\/2025\/05\/foto-nossa-equipe.png 280w, https:\/\/kairosmotores.com\/wp-content\/uploads\/2025\/05\/foto-nossa-equipe-177x300.png 177w, https:\/\/kairosmotores.com\/wp-content\/uploads\/2025\/05\/foto-nossa-equipe-7x12.png 7w\" sizes=\"(max-width: 280px) 100vw, 280px\" \/>\t\t\t\t\t\t\t\t\t\t\t\t\t\t\t<\/div>\n\t\t\t\t<\/div>\n\t\t\t\t<div class=\"elementor-element elementor-element-56616fc elementor-widget elementor-widget-image\" data-id=\"56616fc\" data-element_type=\"widget\" data-e-type=\"widget\" data-widget_type=\"image.default\">\n\t\t\t\t<div class=\"elementor-widget-container\">\n\t\t\t\t\t\t\t\t\t\t\t\t\t\t\t<img decoding=\"async\" width=\"280\" height=\"474\" src=\"https:\/\/kairosmotores.com\/wp-content\/uploads\/2025\/03\/nossa-equipe-01.png\" class=\"attachment-full size-full wp-image-2536\" alt=\"\" \/>\t\t\t\t\t\t\t\t\t\t\t\t\t\t\t<\/div>\n\t\t\t\t<\/div>\n\t\t\t\t<\/div>\n\t\t\t\t<\/div>\n\t\t<div class=\"elementor-element elementor-element-1c03cf6 e-con-full e-flex e-con e-child\" data-id=\"1c03cf6\" data-element_type=\"container\" data-e-type=\"container\">\n\t\t\t\t<div class=\"elementor-element elementor-element-5d28fec elementor-widget elementor-widget-heading\" data-id=\"5d28fec\" data-element_type=\"widget\" data-e-type=\"widget\" data-widget_type=\"heading.default\">\n\t\t\t\t<div class=\"elementor-widget-container\">\n\t\t\t\t\t<h2 class=\"elementor-heading-title elementor-size-default\">Somos feitos por pessoas e para pessoas. <\/h2>\t\t\t\t<\/div>\n\t\t\t\t<\/div>\n\t\t\t\t<div class=\"elementor-element elementor-element-2971e18 elementor-widget elementor-widget-text-editor\" data-id=\"2971e18\" data-element_type=\"widget\" data-e-type=\"widget\" data-widget_type=\"text-editor.default\">\n\t\t\t\t<div class=\"elementor-widget-container\">\n\t\t\t\t\t\t\t\t\tPor isso, buscamos sempre aprender e evoluir juntos, construindo um amanh\u00e3 diferente, com mais diversidade, inclus\u00e3o e sustentabilidade. Temos nas nossas hist\u00f3rias de vida a inspira\u00e7\u00e3o necess\u00e1ria para fazer com que a Kair\u00f3s seja melhor a cada dia. A cada trabalho realizado, recebemos uma nova oportunidade para transformar o nosso ambiente de trabalho e o mundo em que vivemos.\t\t\t\t\t\t\t\t<\/div>\n\t\t\t\t<\/div>\n\t\t\t\t<\/div>\n\t\t\t\t\t<\/div>\n\t\t\t\t<\/div>\n\t\t<div class=\"elementor-element elementor-element-c018b04 e-con-full depoimentos e-flex e-con e-parent\" data-id=\"c018b04\" data-element_type=\"container\" data-e-type=\"container\" data-settings=\"{&quot;background_background&quot;:&quot;classic&quot;}\">\n\t\t<div class=\"elementor-element elementor-element-f2ec093 e-flex e-con-boxed e-con e-child\" data-id=\"f2ec093\" data-element_type=\"container\" data-e-type=\"container\">\n\t\t\t\t\t<div class=\"e-con-inner\">\n\t\t<div class=\"elementor-element elementor-element-c11a040 e-con-full e-flex e-con e-child\" data-id=\"c11a040\" data-element_type=\"container\" data-e-type=\"container\" data-settings=\"{&quot;background_background&quot;:&quot;classic&quot;}\">\n\t\t\t\t<div class=\"elementor-element elementor-element-05385b1 elementor-widget elementor-widget-heading\" data-id=\"05385b1\" data-element_type=\"widget\" data-e-type=\"widget\" data-widget_type=\"heading.default\">\n\t\t\t\t<div class=\"elementor-widget-container\">\n\t\t\t\t\t<h2 class=\"elementor-heading-title elementor-size-default\">Movida por pessoas<\/h2>\t\t\t\t<\/div>\n\t\t\t\t<\/div>\n\t\t\t\t<div class=\"elementor-element elementor-element-422dd9d elementor-testimonial--align-left elementor-testimonial--skin-default elementor-testimonial--layout-image_inline elementor-pagination-type-bullets elementor-widget elementor-widget-testimonial-carousel\" data-id=\"422dd9d\" data-element_type=\"widget\" data-e-type=\"widget\" data-settings=\"{&quot;pagination&quot;:&quot;bullets&quot;,&quot;speed&quot;:500,&quot;autoplay&quot;:&quot;yes&quot;,&quot;autoplay_speed&quot;:5000,&quot;pause_on_interaction&quot;:&quot;yes&quot;,&quot;space_between&quot;:{&quot;unit&quot;:&quot;px&quot;,&quot;size&quot;:10,&quot;sizes&quot;:[]},&quot;space_between_widescreen&quot;:{&quot;unit&quot;:&quot;px&quot;,&quot;size&quot;:10,&quot;sizes&quot;:[]},&quot;space_between_laptop&quot;:{&quot;unit&quot;:&quot;px&quot;,&quot;size&quot;:10,&quot;sizes&quot;:[]},&quot;space_between_tablet_extra&quot;:{&quot;unit&quot;:&quot;px&quot;,&quot;size&quot;:10,&quot;sizes&quot;:[]},&quot;space_between_tablet&quot;:{&quot;unit&quot;:&quot;px&quot;,&quot;size&quot;:10,&quot;sizes&quot;:[]},&quot;space_between_mobile_extra&quot;:{&quot;unit&quot;:&quot;px&quot;,&quot;size&quot;:10,&quot;sizes&quot;:[]},&quot;space_between_mobile&quot;:{&quot;unit&quot;:&quot;px&quot;,&quot;size&quot;:10,&quot;sizes&quot;:[]}}\" data-widget_type=\"testimonial-carousel.default\">\n\t\t\t\t<div class=\"elementor-widget-container\">\n\t\t\t\t\t\t\t\t\t<div class=\"elementor-swiper\">\n\t\t\t\t\t<div class=\"elementor-main-swiper swiper\" role=\"region\" aria-roledescription=\"carousel\" aria-label=\"Slides\">\n\t\t\t\t<div class=\"swiper-wrapper\">\n\t\t\t\t\t\t\t\t\t\t\t<div class=\"swiper-slide\" role=\"group\" aria-roledescription=\"slide\">\n\t\t\t\t\t\t\t\t\t<div class=\"elementor-testimonial\">\n\t\t\t\t\t\t\t<div class=\"elementor-testimonial__content\">\n\t\t\t\t\t<div class=\"elementor-testimonial__text\">\n\t\t\t\t\t\tSer um colaborador da Kair\u00f3s Motores \u00e9 fazer parte de uma equipe comprometida com qualidade, inova\u00e7\u00e3o e responsabilidade. Aqui, cada pessoa \u00e9 essencial para o funcionamento e crescimento da empresa. .Trabalhar na Kair\u00f3s Motores \u00e9 ter a oportunidade de crescer profissionalmente num ambiente onde a excel\u00eancia \u00e9 prioridade e o esfor\u00e7o de cada colaborador \u00e9 valorizado. Grato por fazer parte desta equipe h\u00e1 quase 16 anos.\t\t\t\t\t<\/div>\n\t\t\t\t\t\t\t\t\t<\/div>\n\t\t\t\t\t\t<div class=\"elementor-testimonial__footer\">\n\t\t\t\t\t\t\t\t<cite class=\"elementor-testimonial__cite\"><span class=\"elementor-testimonial__name\">Francisco Neto<\/span><span class=\"elementor-testimonial__title\">Coord. de Suprimentos<\/span><\/cite>\t\t\t<\/div>\n\t\t<\/div>\n\t\t\t\t\t\t\t\t<\/div>\n\t\t\t\t\t\t\t\t\t\t\t<div class=\"swiper-slide\" role=\"group\" aria-roledescription=\"slide\">\n\t\t\t\t\t\t\t\t\t<div class=\"elementor-testimonial\">\n\t\t\t\t\t\t\t<div class=\"elementor-testimonial__content\">\n\t\t\t\t\t<div class=\"elementor-testimonial__text\">\n\t\t\t\t\t\tS\u00e3o anos de crescimento, aprendizado e desafios que me tornam, a cada dia, n\u00e3o apenas um profissional mais preparado, mas tamb\u00e9m uma pessoa melhor.\nAgrade\u00e7o a todos os colegas, l\u00edderes e diretores com quem tenho o privil\u00e9gio de compartilhar essa jornada. \u00c9 uma honra fazer parte desta hist\u00f3ria.\nQue continuem vindo mais anos de parceria, dedica\u00e7\u00e3o e conquistas!\t\t\t\t\t<\/div>\n\t\t\t\t\t\t\t\t\t<\/div>\n\t\t\t\t\t\t<div class=\"elementor-testimonial__footer\">\n\t\t\t\t\t\t\t\t<cite class=\"elementor-testimonial__cite\"><span class=\"elementor-testimonial__name\">St\u00e9lio Santana<\/span><span class=\"elementor-testimonial__title\">Gerente de unidade<\/span><\/cite>\t\t\t<\/div>\n\t\t<\/div>\n\t\t\t\t\t\t\t\t<\/div>\n\t\t\t\t\t\t\t\t\t\t\t<div class=\"swiper-slide\" role=\"group\" aria-roledescription=\"slide\">\n\t\t\t\t\t\t\t\t\t<div class=\"elementor-testimonial\">\n\t\t\t\t\t\t\t<div class=\"elementor-testimonial__content\">\n\t\t\t\t\t<div class=\"elementor-testimonial__text\">\n\t\t\t\t\t\tNa Kair\u00f3s, me sinto\nvalorizado todos os dias.\nTenho oportunidades\nconstantes de aprendizado\ne o apoio necess\u00e1rio para\ncrescer na minha carreira. \u00c9\nmais do que um trabalho, \u00e9\num lugar onde me sinto\nparte de algo maior.\"\t\t\t\t\t<\/div>\n\t\t\t\t\t\t\t\t\t<\/div>\n\t\t\t\t\t\t<div class=\"elementor-testimonial__footer\">\n\t\t\t\t\t\t\t\t<cite class=\"elementor-testimonial__cite\"><span class=\"elementor-testimonial__name\">Adriano<\/span><span class=\"elementor-testimonial__title\">Analista de Contabilidade<\/span><\/cite>\t\t\t<\/div>\n\t\t<\/div>\n\t\t\t\t\t\t\t\t<\/div>\n\t\t\t\t\t\t\t\t\t<\/div>\n\t\t\t\t\t\t\t\t\t\t\t\t\t\t\t\t\t\t\t\t<div class=\"swiper-pagination\"><\/div>\n\t\t\t\t\t\t\t\t\t\t\t\t<\/div>\n\t\t\t\t<\/div>\n\t\t\t\t\t\t\t\t<\/div>\n\t\t\t\t<\/div>\n\t\t\t\t<\/div>\n\t\t<div class=\"elementor-element elementor-element-a5fea69 e-con-full elementor-hidden-tablet elementor-hidden-mobile_extra elementor-hidden-mobile e-flex e-con e-child\" data-id=\"a5fea69\" data-element_type=\"container\" data-e-type=\"container\">\n\t\t\t\t<\/div>\n\t\t\t\t\t<\/div>\n\t\t\t\t<\/div>\n\t\t\t\t<\/div>\n\t\t<div class=\"elementor-element elementor-element-67f809c e-flex e-con-boxed e-con e-parent\" data-id=\"67f809c\" data-element_type=\"container\" data-e-type=\"container\">\n\t\t\t\t\t<div class=\"e-con-inner\">\n\t\t<div class=\"elementor-element elementor-element-6e0a722 e-con-full e-flex e-con e-child\" data-id=\"6e0a722\" data-element_type=\"container\" data-e-type=\"container\">\n\t\t\t\t<div class=\"elementor-element elementor-element-dceb4bd elementor-widget elementor-widget-image\" data-id=\"dceb4bd\" data-element_type=\"widget\" data-e-type=\"widget\" data-widget_type=\"image.default\">\n\t\t\t\t<div class=\"elementor-widget-container\">\n\t\t\t\t\t\t\t\t\t\t\t\t\t\t\t<img decoding=\"async\" width=\"530\" height=\"615\" src=\"https:\/\/kairosmotores.com\/wp-content\/uploads\/2025\/03\/nossa-equipe-03.png\" class=\"attachment-full size-full wp-image-2549\" alt=\"\" \/>\t\t\t\t\t\t\t\t\t\t\t\t\t\t\t<\/div>\n\t\t\t\t<\/div>\n\t\t\t\t<\/div>\n\t\t<div class=\"elementor-element elementor-element-99bf352 e-con-full e-flex e-con e-child\" data-id=\"99bf352\" data-element_type=\"container\" data-e-type=\"container\">\n\t\t\t\t<div class=\"elementor-element elementor-element-b2c0c48 elementor-widget elementor-widget-heading\" data-id=\"b2c0c48\" data-element_type=\"widget\" data-e-type=\"widget\" data-widget_type=\"heading.default\">\n\t\t\t\t<div class=\"elementor-widget-container\">\n\t\t\t\t\t<h2 class=\"elementor-heading-title elementor-size-default\">Desenvolvimento de talentos<\/h2>\t\t\t\t<\/div>\n\t\t\t\t<\/div>\n\t\t\t\t<div class=\"elementor-element elementor-element-a2e37de elementor-widget elementor-widget-text-editor\" data-id=\"a2e37de\" data-element_type=\"widget\" data-e-type=\"widget\" data-widget_type=\"text-editor.default\">\n\t\t\t\t<div class=\"elementor-widget-container\">\n\t\t\t\t\t\t\t\t\tAs carreiras inspiradoras de quem constr\u00f3i a Kair\u00f3s se desenvolvem \u00e0 medida com que os aprendizados s\u00e3o adquiridos, atrav\u00e9s de projetos de capacita\u00e7\u00e3o ao alcance de todos e do est\u00edmulo ao crescimento pessoal e profissional.\t\t\t\t\t\t\t\t<\/div>\n\t\t\t\t<\/div>\n\t\t\t\t<div class=\"elementor-element elementor-element-e0f5f81 elementor-widget elementor-widget-text-editor\" data-id=\"e0f5f81\" data-element_type=\"widget\" data-e-type=\"widget\" data-widget_type=\"text-editor.default\">\n\t\t\t\t<div class=\"elementor-widget-container\">\n\t\t\t\t\t\t\t\t\t Acreditamos que a soma de experi\u00eancias, aprendizagens e trabalhos resulta em trajet\u00f3rias \u00fanicas, valorizadas como o nosso maior patrim\u00f4nio.\t\t\t\t\t\t\t\t<\/div>\n\t\t\t\t<\/div>\n\t\t<div class=\"elementor-element elementor-element-7ad8f1b e-grid e-con-full e-con e-child\" data-id=\"7ad8f1b\" data-element_type=\"container\" data-e-type=\"container\">\n\t\t\t\t<div class=\"elementor-element elementor-element-5cb491f elementor-widget elementor-widget-image\" data-id=\"5cb491f\" data-element_type=\"widget\" data-e-type=\"widget\" data-widget_type=\"image.default\">\n\t\t\t\t<div class=\"elementor-widget-container\">\n\t\t\t\t\t\t\t\t\t\t\t\t\t\t\t<img loading=\"lazy\" decoding=\"async\" width=\"798\" height=\"377\" src=\"https:\/\/kairosmotores.com\/wp-content\/uploads\/2025\/03\/projeto-01.png\" class=\"attachment-large size-large wp-image-2561\" alt=\"\" \/>\t\t\t\t\t\t\t\t\t\t\t\t\t\t\t<\/div>\n\t\t\t\t<\/div>\n\t\t\t\t<div class=\"elementor-element elementor-element-9f51779 elementor-widget elementor-widget-image\" data-id=\"9f51779\" data-element_type=\"widget\" data-e-type=\"widget\" data-widget_type=\"image.default\">\n\t\t\t\t<div class=\"elementor-widget-container\">\n\t\t\t\t\t\t\t\t\t\t\t\t\t\t\t<img loading=\"lazy\" decoding=\"async\" width=\"620\" height=\"450\" src=\"https:\/\/kairosmotores.com\/wp-content\/uploads\/2025\/03\/projeto-02.png\" class=\"attachment-large size-large wp-image-2562\" alt=\"\" \/>\t\t\t\t\t\t\t\t\t\t\t\t\t\t\t<\/div>\n\t\t\t\t<\/div>\n\t\t\t\t<div class=\"elementor-element elementor-element-a7363ea elementor-widget elementor-widget-image\" data-id=\"a7363ea\" data-element_type=\"widget\" data-e-type=\"widget\" data-widget_type=\"image.default\">\n\t\t\t\t<div class=\"elementor-widget-container\">\n\t\t\t\t\t\t\t\t\t\t\t\t\t\t\t<img loading=\"lazy\" decoding=\"async\" width=\"172\" height=\"156\" src=\"https:\/\/kairosmotores.com\/wp-content\/uploads\/2025\/03\/projeto-03.png\" class=\"attachment-large size-large wp-image-2559\" alt=\"\" \/>\t\t\t\t\t\t\t\t\t\t\t\t\t\t\t<\/div>\n\t\t\t\t<\/div>\n\t\t\t\t<div class=\"elementor-element elementor-element-2687d37 elementor-widget elementor-widget-image\" data-id=\"2687d37\" data-element_type=\"widget\" data-e-type=\"widget\" data-widget_type=\"image.default\">\n\t\t\t\t<div class=\"elementor-widget-container\">\n\t\t\t\t\t\t\t\t\t\t\t\t\t\t\t<img loading=\"lazy\" decoding=\"async\" width=\"798\" height=\"217\" src=\"https:\/\/kairosmotores.com\/wp-content\/uploads\/2025\/03\/projeto-04.png\" class=\"attachment-large size-large wp-image-2560\" alt=\"\" \/>\t\t\t\t\t\t\t\t\t\t\t\t\t\t\t<\/div>\n\t\t\t\t<\/div>\n\t\t\t\t<\/div>\n\t\t\t\t<\/div>\n\t\t\t\t\t<\/div>\n\t\t\t\t<\/div>\n\t\t\t\t<\/div>","protected":false},"excerpt":{"rendered":"<p>Nossa equipe Orgulho de ser Kair\u00f3s Somos feitos por pessoas e para pessoas. Por isso, buscamos sempre aprender e evoluir juntos, construindo um amanh\u00e3 diferente, com mais diversidade, inclus\u00e3o e sustentabilidade. Temos nas nossas hist\u00f3rias de vida a inspira\u00e7\u00e3o necess\u00e1ria para fazer com que a Kair\u00f3s seja melhor a cada dia. A cada trabalho realizado, [&hellip;]<\/p>\n","protected":false},"author":1,"featured_media":0,"parent":0,"menu_order":0,"comment_status":"closed","ping_status":"closed","template":"","meta":{"footnotes":""},"class_list":["post-22","page","type-page","status-publish","hentry"],"_links":{"self":[{"href":"https:\/\/kairosmotores.com\/pt-pt\/wp-json\/wp\/v2\/pages\/22","targetHints":{"allow":["GET"]}}],"collection":[{"href":"https:\/\/kairosmotores.com\/pt-pt\/wp-json\/wp\/v2\/pages"}],"about":[{"href":"https:\/\/kairosmotores.com\/pt-pt\/wp-json\/wp\/v2\/types\/page"}],"author":[{"embeddable":true,"href":"https:\/\/kairosmotores.com\/pt-pt\/wp-json\/wp\/v2\/users\/1"}],"replies":[{"embeddable":true,"href":"https:\/\/kairosmotores.com\/pt-pt\/wp-json\/wp\/v2\/comments?post=22"}],"version-history":[{"count":86,"href":"https:\/\/kairosmotores.com\/pt-pt\/wp-json\/wp\/v2\/pages\/22\/revisions"}],"predecessor-version":[{"id":4654,"href":"https:\/\/kairosmotores.com\/pt-pt\/wp-json\/wp\/v2\/pages\/22\/revisions\/4654"}],"wp:attachment":[{"href":"https:\/\/kairosmotores.com\/pt-pt\/wp-json\/wp\/v2\/media?parent=22"}],"curies":[{"name":"wp","href":"https:\/\/api.w.org\/{rel}","templated":true}]}}