{"id":23,"date":"2025-03-10T17:07:00","date_gmt":"2025-03-10T20:07:00","guid":{"rendered":"https:\/\/kairosmotores.com\/?page_id=23"},"modified":"2025-05-12T09:10:53","modified_gmt":"2025-05-12T12:10:53","slug":"trabalhe-conosco","status":"publish","type":"page","link":"https:\/\/kairosmotores.com\/pt-pt\/trabalhe-conosco\/","title":{"rendered":"Trabalhe Conosco"},"content":{"rendered":"<div data-elementor-type=\"wp-page\" data-elementor-id=\"23\" class=\"elementor elementor-23\" data-elementor-post-type=\"page\">\n\t\t\t\t<div class=\"elementor-element elementor-element-16a48ba4 e-flex e-con-boxed e-con e-parent\" data-id=\"16a48ba4\" data-element_type=\"container\" data-e-type=\"container\" data-settings=\"{&quot;background_background&quot;:&quot;classic&quot;}\">\n\t\t\t\t\t<div class=\"e-con-inner\">\n\t\t<div class=\"elementor-element elementor-element-489f0c6c e-con-full e-flex e-con e-child\" data-id=\"489f0c6c\" data-element_type=\"container\" data-e-type=\"container\">\n\t\t<div class=\"elementor-element elementor-element-7201b48d e-con-full e-flex e-con e-child\" data-id=\"7201b48d\" data-element_type=\"container\" data-e-type=\"container\">\n\t\t\t\t<div class=\"elementor-element elementor-element-110e2bd2 elementor-widget elementor-widget-heading\" data-id=\"110e2bd2\" data-element_type=\"widget\" data-e-type=\"widget\" data-widget_type=\"heading.default\">\n\t\t\t\t<div class=\"elementor-widget-container\">\n\t\t\t\t\t<h2 class=\"elementor-heading-title elementor-size-default\">Fa\u00e7a parte da equipe<\/h2>\t\t\t\t<\/div>\n\t\t\t\t<\/div>\n\t\t\t\t<div class=\"elementor-element elementor-element-20d399d elementor-widget elementor-widget-heading\" data-id=\"20d399d\" data-element_type=\"widget\" data-e-type=\"widget\" data-widget_type=\"heading.default\">\n\t\t\t\t<div class=\"elementor-widget-container\">\n\t\t\t\t\t<h2 class=\"elementor-heading-title elementor-size-default\"><span style=\"color: #ED3237;font-style: normal !important\">#<\/span>vem<span style=\"color:#ED3237;font-style: italic !important\">ser<\/span>kair\u00f3s<\/h2>\t\t\t\t<\/div>\n\t\t\t\t<\/div>\n\t\t\t\t<\/div>\n\t\t\t\t<\/div>\n\t\t<div class=\"elementor-element elementor-element-3ac4dddb e-con-full elementor-hidden-mobile e-flex e-con e-child\" data-id=\"3ac4dddb\" data-element_type=\"container\" data-e-type=\"container\">\n\t\t\t\t<\/div>\n\t\t\t\t\t<\/div>\n\t\t\t\t<\/div>\n\t\t<div class=\"elementor-element elementor-element-573693b vagas e-flex e-con-boxed e-con e-parent\" data-id=\"573693b\" data-element_type=\"container\" data-e-type=\"container\">\n\t\t\t\t\t<div class=\"e-con-inner\">\n\t\t<div class=\"elementor-element elementor-element-a3775c1 e-con-full e-flex e-con e-child\" data-id=\"a3775c1\" data-element_type=\"container\" data-e-type=\"container\">\n\t\t<div class=\"elementor-element elementor-element-504a37f e-grid e-con-full e-con e-child\" data-id=\"504a37f\" data-element_type=\"container\" data-e-type=\"container\">\n\t\t\t\t<div class=\"elementor-element elementor-element-aa14a6e elementor-widget elementor-widget-image\" data-id=\"aa14a6e\" data-element_type=\"widget\" data-e-type=\"widget\" data-widget_type=\"image.default\">\n\t\t\t\t<div class=\"elementor-widget-container\">\n\t\t\t\t\t\t\t\t\t\t\t\t\t\t\t<img fetchpriority=\"high\" decoding=\"async\" width=\"280\" height=\"474\" src=\"https:\/\/kairosmotores.com\/wp-content\/uploads\/2025\/03\/trabalhe-conosco-02.png\" class=\"attachment-large size-large wp-image-2404\" alt=\"\" \/>\t\t\t\t\t\t\t\t\t\t\t\t\t\t\t<\/div>\n\t\t\t\t<\/div>\n\t\t\t\t<div class=\"elementor-element elementor-element-5d02a12 elementor-widget elementor-widget-image\" data-id=\"5d02a12\" data-element_type=\"widget\" data-e-type=\"widget\" data-widget_type=\"image.default\">\n\t\t\t\t<div class=\"elementor-widget-container\">\n\t\t\t\t\t\t\t\t\t\t\t\t\t\t\t<img decoding=\"async\" width=\"280\" height=\"474\" src=\"https:\/\/kairosmotores.com\/wp-content\/uploads\/2025\/03\/trabalhe-conosco-01.png\" class=\"attachment-large size-large wp-image-2405\" alt=\"\" \/>\t\t\t\t\t\t\t\t\t\t\t\t\t\t\t<\/div>\n\t\t\t\t<\/div>\n\t\t\t\t<\/div>\n\t\t\t\t<\/div>\n\t\t<div class=\"elementor-element elementor-element-cad17e7 e-con-full e-flex e-con e-child\" data-id=\"cad17e7\" data-element_type=\"container\" data-e-type=\"container\">\n\t\t\t\t<div class=\"elementor-element elementor-element-29cb3c9 elementor-widget elementor-widget-heading\" data-id=\"29cb3c9\" data-element_type=\"widget\" data-e-type=\"widget\" data-widget_type=\"heading.default\">\n\t\t\t\t<div class=\"elementor-widget-container\">\n\t\t\t\t\t<h2 class=\"elementor-heading-title elementor-size-default\">O jeito <span style=\"color: #ED3237\">Kair\u00f3s<\/span> de ser.<\/h2>\t\t\t\t<\/div>\n\t\t\t\t<\/div>\n\t\t\t\t<div class=\"elementor-element elementor-element-d8cb696 elementor-widget elementor-widget-text-editor\" data-id=\"d8cb696\" data-element_type=\"widget\" data-e-type=\"widget\" data-widget_type=\"text-editor.default\">\n\t\t\t\t<div class=\"elementor-widget-container\">\n\t\t\t\t\t\t\t\t\tEvolu\u00edmos constantemente. Com \u00e9tica e responsabilidade, aplicamos todo o conhecimento adquirido ao longo dos anos para criar um futuro mais seguro, inclusivo e sustent\u00e1vel. Nosso foco s\u00e3o as pessoas, e seguimos inovando na condu\u00e7\u00e3o dos neg\u00f3cios e na cultura da empresa, comprometidos em construir ambientes de trabalho colaborativos e acolhedores.\t\t\t\t\t\t\t\t<\/div>\n\t\t\t\t<\/div>\n\t\t\t\t<div class=\"elementor-element elementor-element-b354d3c elementor-widget elementor-widget-heading\" data-id=\"b354d3c\" data-element_type=\"widget\" data-e-type=\"widget\" data-widget_type=\"heading.default\">\n\t\t\t\t<div class=\"elementor-widget-container\">\n\t\t\t\t\t<h2 class=\"elementor-heading-title elementor-size-default\">Voc\u00ea \u00e9 parte essencial dessa jornada.<\/h2>\t\t\t\t<\/div>\n\t\t\t\t<\/div>\n\t\t\t\t<div class=\"elementor-element elementor-element-a2871de btn elementor-widget elementor-widget-button\" data-id=\"a2871de\" data-element_type=\"widget\" data-e-type=\"widget\" data-widget_type=\"button.default\">\n\t\t\t\t<div class=\"elementor-widget-container\">\n\t\t\t\t\t\t\t\t\t<div class=\"elementor-button-wrapper\">\n\t\t\t\t\t<a class=\"elementor-button elementor-button-link elementor-size-sm\" href=\"https:\/\/recrutamentokm.my.canva.site\/\" target=\"_blank\">\n\t\t\t\t\t\t<span class=\"elementor-button-content-wrapper\">\n\t\t\t\t\t\t<span class=\"elementor-button-icon\">\n\t\t\t\t<svg aria-hidden=\"true\" class=\"e-font-icon-svg e-fas-arrow-right\" viewbox=\"0 0 448 512\" xmlns=\"http:\/\/www.w3.org\/2000\/svg\"><path d=\"M190.5 66.9l22.2-22.2c9.4-9.4 24.6-9.4 33.9 0L441 239c9.4 9.4 9.4 24.6 0 33.9L246.6 467.3c-9.4 9.4-24.6 9.4-33.9 0l-22.2-22.2c-9.5-9.5-9.3-25 .4-34.3L311.4 296H24c-13.3 0-24-10.7-24-24v-32c0-13.3 10.7-24 24-24h287.4L190.9 101.2c-9.8-9.3-10-24.8-.4-34.3z\"><\/path><\/svg>\t\t\t<\/span>\n\t\t\t\t\t\t\t\t\t<span class=\"elementor-button-text\">Acesse o nosso portal de vagas<\/span>\n\t\t\t\t\t<\/span>\n\t\t\t\t\t<\/a>\n\t\t\t\t<\/div>\n\t\t\t\t\t\t\t\t<\/div>\n\t\t\t\t<\/div>\n\t\t\t\t<\/div>\n\t\t\t\t\t<\/div>\n\t\t\t\t<\/div>\n\t\t<div class=\"elementor-element elementor-element-702661e e-con-full e-flex e-con e-parent\" data-id=\"702661e\" data-element_type=\"container\" data-e-type=\"container\">\n\t\t\t\t<div class=\"elementor-element elementor-element-5209fda elementor-widget elementor-widget-image\" data-id=\"5209fda\" data-element_type=\"widget\" data-e-type=\"widget\" data-widget_type=\"image.default\">\n\t\t\t\t<div class=\"elementor-widget-container\">\n\t\t\t\t\t\t\t\t\t\t\t\t\t\t\t<img decoding=\"async\" width=\"2560\" height=\"1920\" src=\"https:\/\/kairosmotores.com\/wp-content\/uploads\/2025\/05\/nossa-equipe-scaled.jpg\" class=\"attachment-full size-full wp-image-4362\" alt=\"\" srcset=\"https:\/\/kairosmotores.com\/wp-content\/uploads\/2025\/05\/nossa-equipe-scaled.jpg 2560w, https:\/\/kairosmotores.com\/wp-content\/uploads\/2025\/05\/nossa-equipe-300x225.jpg 300w, https:\/\/kairosmotores.com\/wp-content\/uploads\/2025\/05\/nossa-equipe-1024x768.jpg 1024w, https:\/\/kairosmotores.com\/wp-content\/uploads\/2025\/05\/nossa-equipe-768x576.jpg 768w, https:\/\/kairosmotores.com\/wp-content\/uploads\/2025\/05\/nossa-equipe-1536x1152.jpg 1536w, https:\/\/kairosmotores.com\/wp-content\/uploads\/2025\/05\/nossa-equipe-2048x1536.jpg 2048w, https:\/\/kairosmotores.com\/wp-content\/uploads\/2025\/05\/nossa-equipe-16x12.jpg 16w\" sizes=\"(max-width: 2560px) 100vw, 2560px\" \/>\t\t\t\t\t\t\t\t\t\t\t\t\t\t\t<\/div>\n\t\t\t\t<\/div>\n\t\t\t\t<\/div>\n\t\t\t\t<\/div>","protected":false},"excerpt":{"rendered":"<p>Fa\u00e7a parte da equipe #vemserkair\u00f3s O jeito Kair\u00f3s de ser. Evolu\u00edmos constantemente. Com \u00e9tica e responsabilidade, aplicamos todo o conhecimento adquirido ao longo dos anos para criar um futuro mais seguro, inclusivo e sustent\u00e1vel. Nosso foco s\u00e3o as pessoas, e seguimos inovando na condu\u00e7\u00e3o dos neg\u00f3cios e na cultura da empresa, comprometidos em construir ambientes [&hellip;]<\/p>\n","protected":false},"author":1,"featured_media":0,"parent":0,"menu_order":0,"comment_status":"closed","ping_status":"closed","template":"","meta":{"footnotes":""},"class_list":["post-23","page","type-page","status-publish","hentry"],"_links":{"self":[{"href":"https:\/\/kairosmotores.com\/pt-pt\/wp-json\/wp\/v2\/pages\/23","targetHints":{"allow":["GET"]}}],"collection":[{"href":"https:\/\/kairosmotores.com\/pt-pt\/wp-json\/wp\/v2\/pages"}],"about":[{"href":"https:\/\/kairosmotores.com\/pt-pt\/wp-json\/wp\/v2\/types\/page"}],"author":[{"embeddable":true,"href":"https:\/\/kairosmotores.com\/pt-pt\/wp-json\/wp\/v2\/users\/1"}],"replies":[{"embeddable":true,"href":"https:\/\/kairosmotores.com\/pt-pt\/wp-json\/wp\/v2\/comments?post=23"}],"version-history":[{"count":49,"href":"https:\/\/kairosmotores.com\/pt-pt\/wp-json\/wp\/v2\/pages\/23\/revisions"}],"predecessor-version":[{"id":4368,"href":"https:\/\/kairosmotores.com\/pt-pt\/wp-json\/wp\/v2\/pages\/23\/revisions\/4368"}],"wp:attachment":[{"href":"https:\/\/kairosmotores.com\/pt-pt\/wp-json\/wp\/v2\/media?parent=23"}],"curies":[{"name":"wp","href":"https:\/\/api.w.org\/{rel}","templated":true}]}}